{"id":2874,"date":"2024-04-23T08:46:46","date_gmt":"2024-04-23T08:46:46","guid":{"rendered":"https:\/\/23july.hostlin.com\/consultox\/?page_id=2874"},"modified":"2025-07-11T18:10:23","modified_gmt":"2025-07-11T18:10:23","slug":"services-2-2","status":"publish","type":"page","link":"https:\/\/smartdigi.gr\/fr\/services-2-2\/","title":{"rendered":"Services"},"content":{"rendered":"<div data-elementor-type=\"wp-page\" data-elementor-id=\"2874\" class=\"elementor elementor-2874\">\n\t\t\t\t\t\t<section class=\"elementor-section elementor-top-section elementor-element elementor-element-03dc55c elementor-section-boxed elementor-section-height-default elementor-section-height-default\" data-id=\"03dc55c\" data-element_type=\"section\">\n\t\t\t\t\t\t<div class=\"elementor-container elementor-column-gap-default\">\n\t\t\t\t\t<div class=\"elementor-column elementor-col-100 elementor-top-column elementor-element elementor-element-cad712e\" data-id=\"cad712e\" data-element_type=\"column\">\n\t\t\t<div class=\"elementor-widget-wrap elementor-element-populated\">\n\t\t\t\t\t\t<section class=\"elementor-section elementor-inner-section elementor-element elementor-element-a26df77 elementor-hidden-tablet elementor-hidden-mobile elementor-section-boxed elementor-section-height-default elementor-section-height-default\" data-id=\"a26df77\" data-element_type=\"section\">\n\t\t\t\t\t\t<div class=\"elementor-container elementor-column-gap-no\">\n\t\t\t\t\t<div class=\"elementor-column elementor-col-33 elementor-inner-column elementor-element elementor-element-8ae5a12 service-block-one\" data-id=\"8ae5a12\" data-element_type=\"column\" data-settings=\"{&quot;background_background&quot;:&quot;classic&quot;}\">\n\t\t\t<div class=\"elementor-widget-wrap elementor-element-populated\">\n\t\t\t\t\t\t<div class=\"elementor-element elementor-element-1c5524a elementor-view-default elementor-position-top elementor-mobile-position-top elementor-widget elementor-widget-icon-box\" data-id=\"1c5524a\" data-element_type=\"widget\" data-widget_type=\"icon-box.default\">\n\t\t\t\t\t\t\t<div class=\"elementor-icon-box-wrapper\">\n\n\t\t\t\t\t\t<div class=\"elementor-icon-box-icon\">\n\t\t\t\t<a href=\"https:\/\/smartdigi.gr\/fr\/supply-chain-consulting\/\" class=\"elementor-icon\" tabindex=\"-1\" aria-label=\"Conseil en cha\u00eene d&#039;approvisionnement\">\n\t\t\t\t<i aria-hidden=\"true\" class=\"flaticon-user-1\"><\/i>\t\t\t\t<\/a>\n\t\t\t<\/div>\n\t\t\t\n\t\t\t\t\t\t<div class=\"elementor-icon-box-content\">\n\n\t\t\t\t\t\t\t\t\t<h3 class=\"elementor-icon-box-title\">\n\t\t\t\t\t\t<a href=\"https:\/\/smartdigi.gr\/fr\/supply-chain-consulting\/\" >\n\t\t\t\t\t\t\tConseil en cha\u00eene d'approvisionnement\t\t\t\t\t\t<\/a>\n\t\t\t\t\t<\/h3>\n\t\t\t\t\n\t\t\t\t\t\t\t\t\t<p class=\"elementor-icon-box-description\">\n\t\t\t\t\t\tNous analysons en profondeur les op\u00e9rations de votre cha\u00eene d\u2019approvisionnement et concevons des strat\u00e9gies qui am\u00e9liorent la performance, la flexibilit\u00e9 et la durabilit\u00e9.\t\t\t\t\t<\/p>\n\t\t\t\t\n\t\t\t<\/div>\n\t\t\t\n\t\t<\/div>\n\t\t\t\t\t\t<\/div>\n\t\t\t\t\t<\/div>\n\t\t<\/div>\n\t\t\t\t<div class=\"elementor-column elementor-col-33 elementor-inner-column elementor-element elementor-element-3cdd551 service-block-one\" data-id=\"3cdd551\" data-element_type=\"column\" data-settings=\"{&quot;background_background&quot;:&quot;classic&quot;}\">\n\t\t\t<div class=\"elementor-widget-wrap elementor-element-populated\">\n\t\t\t\t\t\t<div class=\"elementor-element elementor-element-48fecd5 elementor-view-default elementor-position-top elementor-mobile-position-top elementor-widget elementor-widget-icon-box\" data-id=\"48fecd5\" data-element_type=\"widget\" data-widget_type=\"icon-box.default\">\n\t\t\t\t\t\t\t<div class=\"elementor-icon-box-wrapper\">\n\n\t\t\t\t\t\t<div class=\"elementor-icon-box-icon\">\n\t\t\t\t<a href=\"https:\/\/smartdigi.gr\/fr\/process-optimization\/\" class=\"elementor-icon\" tabindex=\"-1\" aria-label=\"Analyse des Co\u00fbts et de l\u2019Efficacit\u00e9\">\n\t\t\t\t<i aria-hidden=\"true\" class=\"flaticon-money-bag-1\"><\/i>\t\t\t\t<\/a>\n\t\t\t<\/div>\n\t\t\t\n\t\t\t\t\t\t<div class=\"elementor-icon-box-content\">\n\n\t\t\t\t\t\t\t\t\t<h3 class=\"elementor-icon-box-title\">\n\t\t\t\t\t\t<a href=\"https:\/\/smartdigi.gr\/fr\/process-optimization\/\" >\n\t\t\t\t\t\t\tAnalyse des Co\u00fbts et de l\u2019Efficacit\u00e9\t\t\t\t\t\t<\/a>\n\t\t\t\t\t<\/h3>\n\t\t\t\t\n\t\t\t\t\t\t\t\t\t<p class=\"elementor-icon-box-description\">\n\t\t\t\t\t\tNous d\u00e9veloppons des mod\u00e8les de co\u00fbt fiables et des indicateurs KPI pour vous aider \u00e0 prendre des d\u00e9cisions \u00e9clair\u00e9es et \u00e0 am\u00e9liorer votre gestion financi\u00e8re.\t\t\t\t\t<\/p>\n\t\t\t\t\n\t\t\t<\/div>\n\t\t\t\n\t\t<\/div>\n\t\t\t\t\t\t<\/div>\n\t\t\t\t\t<\/div>\n\t\t<\/div>\n\t\t\t\t<div class=\"elementor-column elementor-col-33 elementor-inner-column elementor-element elementor-element-716ca61 service-block-one\" data-id=\"716ca61\" data-element_type=\"column\" data-settings=\"{&quot;background_background&quot;:&quot;classic&quot;}\">\n\t\t\t<div class=\"elementor-widget-wrap elementor-element-populated\">\n\t\t\t\t\t\t<div class=\"elementor-element elementor-element-2ebddf1 elementor-view-default elementor-position-top elementor-mobile-position-top elementor-widget elementor-widget-icon-box\" data-id=\"2ebddf1\" data-element_type=\"widget\" data-widget_type=\"icon-box.default\">\n\t\t\t\t\t\t\t<div class=\"elementor-icon-box-wrapper\">\n\n\t\t\t\t\t\t<div class=\"elementor-icon-box-icon\">\n\t\t\t\t<a href=\"https:\/\/smartdigi.gr\/fr\/cost-and-efficiency-analysis\/\" class=\"elementor-icon\" tabindex=\"-1\" aria-label=\"Optimisation des processus\">\n\t\t\t\t<i aria-hidden=\"true\" class=\"flaticon-computer\"><\/i>\t\t\t\t<\/a>\n\t\t\t<\/div>\n\t\t\t\n\t\t\t\t\t\t<div class=\"elementor-icon-box-content\">\n\n\t\t\t\t\t\t\t\t\t<h3 class=\"elementor-icon-box-title\">\n\t\t\t\t\t\t<a href=\"https:\/\/smartdigi.gr\/fr\/cost-and-efficiency-analysis\/\" >\n\t\t\t\t\t\t\tOptimisation des processus\t\t\t\t\t\t<\/a>\n\t\t\t\t\t<\/h3>\n\t\t\t\t\n\t\t\t\t\t\t\t\t\t<p class=\"elementor-icon-box-description\">\n\t\t\t\t\t\tNous identifions les points de congestion et mettons en place des am\u00e9liorations cibl\u00e9es afin de rendre vos processus plus rapides, \u00e9conomiques et fiables.\t\t\t\t\t<\/p>\n\t\t\t\t\n\t\t\t<\/div>\n\t\t\t\n\t\t<\/div>\n\t\t\t\t\t\t<\/div>\n\t\t\t\t\t<\/div>\n\t\t<\/div>\n\t\t\t\t\t<\/div>\n\t\t<\/section>\n\t\t\t\t\t<\/div>\n\t\t<\/div>\n\t\t\t\t\t<\/div>\n\t\t<\/section>\n\t\t\t\t<section class=\"elementor-section elementor-top-section elementor-element elementor-element-54d302d elementor-section-boxed elementor-section-height-default elementor-section-height-default\" data-id=\"54d302d\" data-element_type=\"section\">\n\t\t\t\t\t\t<div class=\"elementor-container elementor-column-gap-default\">\n\t\t\t\t\t<div class=\"elementor-column elementor-col-100 elementor-top-column elementor-element elementor-element-74a6c30\" data-id=\"74a6c30\" data-element_type=\"column\">\n\t\t\t<div class=\"elementor-widget-wrap elementor-element-populated\">\n\t\t\t\t\t\t<section class=\"elementor-section elementor-inner-section elementor-element elementor-element-9bdd729 elementor-hidden-tablet elementor-hidden-mobile elementor-section-boxed elementor-section-height-default elementor-section-height-default\" data-id=\"9bdd729\" data-element_type=\"section\">\n\t\t\t\t\t\t<div class=\"elementor-container elementor-column-gap-no\">\n\t\t\t\t\t<div class=\"elementor-column elementor-col-33 elementor-inner-column elementor-element elementor-element-9cd0e0f service-block-one\" data-id=\"9cd0e0f\" data-element_type=\"column\" data-settings=\"{&quot;background_background&quot;:&quot;classic&quot;}\">\n\t\t\t<div class=\"elementor-widget-wrap elementor-element-populated\">\n\t\t\t\t\t\t<div class=\"elementor-element elementor-element-ee085a4 elementor-view-default elementor-position-top elementor-mobile-position-top elementor-widget elementor-widget-icon-box\" data-id=\"ee085a4\" data-element_type=\"widget\" data-widget_type=\"icon-box.default\">\n\t\t\t\t\t\t\t<div class=\"elementor-icon-box-wrapper\">\n\n\t\t\t\t\t\t<div class=\"elementor-icon-box-icon\">\n\t\t\t\t<a href=\"https:\/\/smartdigi.gr\/fr\/warehouse-and-logistics-management\/\" class=\"elementor-icon\" tabindex=\"-1\" aria-label=\"Gestion des stocks et de la logistique\">\n\t\t\t\t<i aria-hidden=\"true\" class=\"flaticon-business-2\"><\/i>\t\t\t\t<\/a>\n\t\t\t<\/div>\n\t\t\t\n\t\t\t\t\t\t<div class=\"elementor-icon-box-content\">\n\n\t\t\t\t\t\t\t\t\t<h3 class=\"elementor-icon-box-title\">\n\t\t\t\t\t\t<a href=\"https:\/\/smartdigi.gr\/fr\/warehouse-and-logistics-management\/\" >\n\t\t\t\t\t\t\tGestion des stocks et de la logistique\t\t\t\t\t\t<\/a>\n\t\t\t\t\t<\/h3>\n\t\t\t\t\n\t\t\t\t\t\t\t\t\t<p class=\"elementor-icon-box-description\">\n\t\t\t\t\t\tNous concevons et accompagnons la gestion des espaces de stockage, des flux de mat\u00e9riaux et des technologies WMS, garantissant un contr\u00f4le total des stocks.\t\t\t\t\t<\/p>\n\t\t\t\t\n\t\t\t<\/div>\n\t\t\t\n\t\t<\/div>\n\t\t\t\t\t\t<\/div>\n\t\t\t\t\t<\/div>\n\t\t<\/div>\n\t\t\t\t<div class=\"elementor-column elementor-col-33 elementor-inner-column elementor-element elementor-element-9265853 service-block-one\" data-id=\"9265853\" data-element_type=\"column\" data-settings=\"{&quot;background_background&quot;:&quot;classic&quot;}\">\n\t\t\t<div class=\"elementor-widget-wrap elementor-element-populated\">\n\t\t\t\t\t\t<div class=\"elementor-element elementor-element-c8e2194 elementor-view-default elementor-position-top elementor-mobile-position-top elementor-widget elementor-widget-icon-box\" data-id=\"c8e2194\" data-element_type=\"widget\" data-widget_type=\"icon-box.default\">\n\t\t\t\t\t\t\t<div class=\"elementor-icon-box-wrapper\">\n\n\t\t\t\t\t\t<div class=\"elementor-icon-box-icon\">\n\t\t\t\t<a href=\"https:\/\/smartdigi.gr\/fr\/training-workshops\/\" class=\"elementor-icon\" tabindex=\"-1\" aria-label=\"Formations &amp; Ateliers\">\n\t\t\t\t<svg aria-hidden=\"true\" class=\"e-font-icon-svg e-fas-chalkboard-teacher\" viewbox=\"0 0 640 512\" xmlns=\"http:\/\/www.w3.org\/2000\/svg\"><path d=\"M208 352c-2.39 0-4.78.35-7.06 1.09C187.98 357.3 174.35 360 160 360c-14.35 0-27.98-2.7-40.95-6.91-2.28-.74-4.66-1.09-7.05-1.09C49.94 352-.33 402.48 0 464.62.14 490.88 21.73 512 48 512h224c26.27 0 47.86-21.12 48-47.38.33-62.14-49.94-112.62-112-112.62zm-48-32c53.02 0 96-42.98 96-96s-42.98-96-96-96-96 42.98-96 96 42.98 96 96 96zM592 0H208c-26.47 0-48 22.25-48 49.59V96c23.42 0 45.1 6.78 64 17.8V64h352v288h-64v-64H384v64h-76.24c19.1 16.69 33.12 38.73 39.69 64H592c26.47 0 48-22.25 48-49.59V49.59C640 22.25 618.47 0 592 0z\"><\/path><\/svg>\t\t\t\t<\/a>\n\t\t\t<\/div>\n\t\t\t\n\t\t\t\t\t\t<div class=\"elementor-icon-box-content\">\n\n\t\t\t\t\t\t\t\t\t<h3 class=\"elementor-icon-box-title\">\n\t\t\t\t\t\t<a href=\"https:\/\/smartdigi.gr\/fr\/training-workshops\/\" >\n\t\t\t\t\t\t\tFormations &amp; Ateliers\t\t\t\t\t\t<\/a>\n\t\t\t\t\t<\/h3>\n\t\t\t\t\n\t\t\t\t\t\t\t\t\t<p class=\"elementor-icon-box-description\">\n\t\t\t\t\t\tNous organisons des s\u00e9minaires et des ateliers sp\u00e9cialis\u00e9s pour les cadres, garantissant le transfert de savoir-faire et le maintien d'une performance \u00e9lev\u00e9e.\t\t\t\t\t<\/p>\n\t\t\t\t\n\t\t\t<\/div>\n\t\t\t\n\t\t<\/div>\n\t\t\t\t\t\t<\/div>\n\t\t\t\t\t<\/div>\n\t\t<\/div>\n\t\t\t\t<div class=\"elementor-column elementor-col-33 elementor-inner-column elementor-element elementor-element-623a5f7 service-block-one\" data-id=\"623a5f7\" data-element_type=\"column\" data-settings=\"{&quot;background_background&quot;:&quot;classic&quot;}\">\n\t\t\t<div class=\"elementor-widget-wrap elementor-element-populated\">\n\t\t\t\t\t\t<div class=\"elementor-element elementor-element-9f440fc elementor-view-default elementor-position-top elementor-mobile-position-top elementor-widget elementor-widget-icon-box\" data-id=\"9f440fc\" data-element_type=\"widget\" data-widget_type=\"icon-box.default\">\n\t\t\t\t\t\t\t<div class=\"elementor-icon-box-wrapper\">\n\n\t\t\t\t\t\t<div class=\"elementor-icon-box-icon\">\n\t\t\t\t<a href=\"https:\/\/smartdigi.gr\/fr\/digital-transformation-in-logistics\/\" class=\"elementor-icon\" tabindex=\"-1\" aria-label=\"Accompagnement \u00e0 la transformation digitale\">\n\t\t\t\t<svg aria-hidden=\"true\" class=\"e-font-icon-svg e-fas-digital-tachograph\" viewbox=\"0 0 640 512\" xmlns=\"http:\/\/www.w3.org\/2000\/svg\"><path d=\"M608 96H32c-17.67 0-32 14.33-32 32v256c0 17.67 14.33 32 32 32h576c17.67 0 32-14.33 32-32V128c0-17.67-14.33-32-32-32zM304 352c0 4.42-3.58 8-8 8H72c-4.42 0-8-3.58-8-8v-8c0-4.42 3.58-8 8-8h224c4.42 0 8 3.58 8 8v8zM72 288v-16c0-4.42 3.58-8 8-8h16c4.42 0 8 3.58 8 8v16c0 4.42-3.58 8-8 8H80c-4.42 0-8-3.58-8-8zm64 0v-16c0-4.42 3.58-8 8-8h16c4.42 0 8 3.58 8 8v16c0 4.42-3.58 8-8 8h-16c-4.42 0-8-3.58-8-8zm64 0v-16c0-4.42 3.58-8 8-8h16c4.42 0 8 3.58 8 8v16c0 4.42-3.58 8-8 8h-16c-4.42 0-8-3.58-8-8zm64 0v-16c0-4.42 3.58-8 8-8h16c4.42 0 8 3.58 8 8v16c0 4.42-3.58 8-8 8h-16c-4.42 0-8-3.58-8-8zm40-64c0 8.84-7.16 16-16 16H80c-8.84 0-16-7.16-16-16v-48c0-8.84 7.16-16 16-16h208c8.84 0 16 7.16 16 16v48zm272 128c0 4.42-3.58 8-8 8H344c-4.42 0-8-3.58-8-8v-8c0-4.42 3.58-8 8-8h224c4.42 0 8 3.58 8 8v8z\"><\/path><\/svg>\t\t\t\t<\/a>\n\t\t\t<\/div>\n\t\t\t\n\t\t\t\t\t\t<div class=\"elementor-icon-box-content\">\n\n\t\t\t\t\t\t\t\t\t<h3 class=\"elementor-icon-box-title\">\n\t\t\t\t\t\t<a href=\"https:\/\/smartdigi.gr\/fr\/digital-transformation-in-logistics\/\" >\n\t\t\t\t\t\t\tAccompagnement \u00e0 la transformation digitale\t\t\t\t\t\t<\/a>\n\t\t\t\t\t<\/h3>\n\t\t\t\t\n\t\t\t\t\t\t\t\t\t<p class=\"elementor-icon-box-description\">\n\t\t\t\t\t\tNous accompagnons votre entreprise dans sa transition vers des outils num\u00e9riques modernes, am\u00e9liorant la visibilit\u00e9 et le contr\u00f4le \u00e0 chaque \u00e9tape.\t\t\t\t\t<\/p>\n\t\t\t\t\n\t\t\t<\/div>\n\t\t\t\n\t\t<\/div>\n\t\t\t\t\t\t<\/div>\n\t\t\t\t\t<\/div>\n\t\t<\/div>\n\t\t\t\t\t<\/div>\n\t\t<\/section>\n\t\t\t\t\t<\/div>\n\t\t<\/div>\n\t\t\t\t\t<\/div>\n\t\t<\/section>\n\t\t\t\t<\/div>","protected":false},"excerpt":{"rendered":"<p>\u03a3\u03c5\u03bc\u03b2\u03bf\u03c5\u03bb\u03b5\u03c5\u03c4\u03b9\u03ba\u03ae \u0395\u03c6\u03bf\u03b4\u03b9\u03b1\u03c3\u03c4\u03b9\u03ba\u03ae\u03c2 \u0391\u03bb\u03c5\u03c3\u03af\u03b4\u03b1\u03c2 \u0391\u03bd\u03b1\u03bb\u03cd\u03bf\u03c5\u03bc\u03b5 \u03b4\u03b9\u03b5\u03be\u03bf\u03b4\u03b9\u03ba\u03ac \u03c4\u03b9\u03c2 \u03bb\u03b5\u03b9\u03c4\u03bf\u03c5\u03c1\u03b3\u03af\u03b5\u03c2 \u03c4\u03b7\u03c2 \u03b5\u03c6\u03bf\u03b4\u03b9\u03b1\u03c3\u03c4\u03b9\u03ba\u03ae\u03c2 \u03c3\u03b1\u03c2 \u03b1\u03bb\u03c5\u03c3\u03af\u03b4\u03b1\u03c2 \u03ba\u03b1\u03b9 \u03c3\u03c7\u03b5\u03b4\u03b9\u03ac\u03b6\u03bf\u03c5\u03bc\u03b5 \u03c3\u03c4\u03c1\u03b1\u03c4\u03b7\u03b3\u03b9\u03ba\u03ad\u03c2 \u03c0\u03bf\u03c5 \u03b5\u03bd\u03b9\u03c3\u03c7\u03cd\u03bf\u03c5\u03bd \u03c4\u03b7\u03bd \u03b1\u03c0\u03cc\u03b4\u03bf\u03c3\u03b7, \u03c4\u03b7\u03bd \u03b5\u03c5\u03b5\u03bb\u03b9\u03be\u03af\u03b1 \u03ba\u03b1\u03b9 \u03c4\u03b7 \u03b2\u03b9\u03c9\u03c3\u03b9\u03bc\u03cc\u03c4\u03b7\u03c4\u03b1. \u0391\u03bd\u03ac\u03bb\u03c5\u03c3\u03b7 \u039a\u03cc\u03c3\u03c4\u03bf\u03c5\u03c2 &#038; \u0391\u03c0\u03bf\u03b4\u03bf\u03c4\u03b9\u03ba\u03cc\u03c4\u03b7\u03c4\u03b1\u03c2 \u0391\u03bd\u03b1\u03c0\u03c4\u03cd\u03c3\u03c3\u03bf\u03c5\u03bc\u03b5 \u03b1\u03be\u03b9\u03cc\u03c0\u03b9\u03c3\u03c4\u03b1 \u03bc\u03bf\u03bd\u03c4\u03ad\u03bb\u03b1 \u03ba\u03cc\u03c3\u03c4\u03bf\u03c5\u03c2 \u03ba\u03b1\u03b9 \u03b4\u03b5\u03af\u03ba\u03c4\u03b5\u03c2 KPI, \u03b3\u03b9\u03b1 \u03bd\u03b1 \u03bb\u03b1\u03bc\u03b2\u03ac\u03bd\u03b5\u03c4\u03b5 \u03c4\u03b5\u03ba\u03bc\u03b7\u03c1\u03b9\u03c9\u03bc\u03ad\u03bd\u03b5\u03c2 \u03b1\u03c0\u03bf\u03c6\u03ac\u03c3\u03b5\u03b9\u03c2 \u03ba\u03b1\u03b9 \u03bd\u03b1 \u03b2\u03b5\u03bb\u03c4\u03b9\u03ce\u03bd\u03b5\u03c4\u03b5 \u03c4\u03b7\u03bd \u03bf\u03b9\u03ba\u03bf\u03bd\u03bf\u03bc\u03b9\u03ba\u03ae \u03c3\u03b1\u03c2 \u03b4\u03b9\u03b1\u03c7\u03b5\u03af\u03c1\u03b9\u03c3\u03b7. \u0392\u03b5\u03bb\u03c4\u03b9\u03c3\u03c4\u03bf\u03c0\u03bf\u03af\u03b7\u03c3\u03b7 \u0394\u03b9\u03b1\u03b4\u03b9\u03ba\u03b1\u03c3\u03b9\u03ce\u03bd \u0395\u03bd\u03c4\u03bf\u03c0\u03af\u03b6\u03bf\u03c5\u03bc\u03b5 \u03c3\u03b7\u03bc\u03b5\u03af\u03b1 \u03c3\u03c5\u03bc\u03c6\u03cc\u03c1\u03b7\u03c3\u03b7\u03c2 \u03ba\u03b1\u03b9 \u03b5\u03b9\u03c3\u03ac\u03b3\u03bf\u03c5\u03bc\u03b5 \u03c3\u03c4\u03bf\u03c7\u03b5\u03c5\u03bc\u03ad\u03bd\u03b5\u03c2 \u03b2\u03b5\u03bb\u03c4\u03b9\u03ce\u03c3\u03b5\u03b9\u03c2, [&hellip;]<\/p>","protected":false},"author":1,"featured_media":0,"parent":0,"menu_order":0,"comment_status":"closed","ping_status":"closed","template":"tpl-default-elementor.php","meta":{"footnotes":""},"class_list":["post-2874","page","type-page","status-publish","hentry"],"_links":{"self":[{"href":"https:\/\/smartdigi.gr\/fr\/wp-json\/wp\/v2\/pages\/2874","targetHints":{"allow":["GET"]}}],"collection":[{"href":"https:\/\/smartdigi.gr\/fr\/wp-json\/wp\/v2\/pages"}],"about":[{"href":"https:\/\/smartdigi.gr\/fr\/wp-json\/wp\/v2\/types\/page"}],"author":[{"embeddable":true,"href":"https:\/\/smartdigi.gr\/fr\/wp-json\/wp\/v2\/users\/1"}],"replies":[{"embeddable":true,"href":"https:\/\/smartdigi.gr\/fr\/wp-json\/wp\/v2\/comments?post=2874"}],"version-history":[{"count":0,"href":"https:\/\/smartdigi.gr\/fr\/wp-json\/wp\/v2\/pages\/2874\/revisions"}],"wp:attachment":[{"href":"https:\/\/smartdigi.gr\/fr\/wp-json\/wp\/v2\/media?parent=2874"}],"curies":[{"name":"wp","href":"https:\/\/api.w.org\/{rel}","templated":true}]}}